{"id":70,"date":"2014-12-18T17:59:33","date_gmt":"2014-12-18T16:59:33","guid":{"rendered":"http:\/\/chan-honfleur.org\/chan\/?page_id=70"},"modified":"2020-12-03T21:40:10","modified_gmt":"2020-12-03T20:40:10","slug":"aquagym","status":"publish","type":"page","link":"https:\/\/chan-honfleur.org\/chan\/aquagym\/","title":{"rendered":"Aquagym"},"content":{"rendered":"\n<div class=\"wp-block-image\"><figure class=\"alignleft\"><img loading=\"lazy\" decoding=\"async\" width=\"300\" height=\"225\" src=\"https:\/\/chan-honfleur.org\/chan\/wp-content\/uploads\/2014\/12\/ImageAquagym.jpg\" alt=\"ImageAquagym\" class=\"wp-image-377\" srcset=\"https:\/\/chan-honfleur.org\/chan\/wp-content\/uploads\/2014\/12\/ImageAquagym.jpg 300w, https:\/\/chan-honfleur.org\/chan\/wp-content\/uploads\/2014\/12\/ImageAquagym-200x150.jpg 200w, https:\/\/chan-honfleur.org\/chan\/wp-content\/uploads\/2014\/12\/ImageAquagym-150x112.jpg 150w\" sizes=\"auto, (max-width: 300px) 100vw, 300px\" \/><\/figure><\/div>\n\n\n\n<p>L&rsquo;aquagym est une m\u00e9thode de musculation qui se pratique en piscine sous forme de gymnastique effectu\u00e9e dans l&rsquo;eau. Elle met en oeuvre\u00a0la r\u00e9sistance de l&rsquo;eau aux mouvements\u00a0; l&rsquo;eau offrant des possibilit\u00e9s innombrables pour s&rsquo;entra\u00eener efficacement en s&rsquo;amusant.<\/p>\n\n\n\n<p>Invent\u00e9e en France, l&rsquo;aquagym est la transposition de la gymnastique terrestre dans l&rsquo;eau.<br>Alors que le fitness en salle peut se r\u00e9v\u00e9ler \u00e9prouvant, l&rsquo;aquagym, au contraire, est une discipline douce.<br>C&rsquo;est une activit\u00e9 sans risque, accessible \u00e0 tous, car il n&rsquo;y a pas de contrainte m\u00e9canique. Dans l&rsquo;eau, le corps ne p\u00e8se qu&rsquo;un dixi\u00e8me de son poids. On se sent plus l\u00e9ger, plus souple, et l&rsquo;on n&rsquo;a aucun mal \u00e0 r\u00e9aliser des exercices qui auraient fait souffrir hors de l&rsquo;eau, sans jamais forcer.<br>Aucun risque de claquage ou d&rsquo;\u00e9longation, l&rsquo;eau m\u00e9nage les muscles et les articulations. Quant aux courbatures de lendemain de sport, vous pouvez leur dire adieu.<\/p>\n\n\n\n<p>Et tout le corps travaille !<br>Sachez que 30 minutes d&rsquo;aquagym \u00e9quivalent en terme de d\u00e9pense calorique \u00e0 90 minutes de gym en salle, soit pr\u00e8s de 600 calories&#8230;<br>Pratiqu\u00e9e r\u00e9guli\u00e8rement, l&rsquo;aquagym permet de rester en forme.<br>Vous sortez de l&rsquo;eau apais\u00e9, frais, d\u00e9tendu, et avec en prime la satisfaction de l&rsquo;effort accompli.<\/p>\n\n\n\n<p>L&rsquo;aquagym est donc un sport aquatique accessible \u00e0 tous.<br>Femmes enceintes, personnes \u00e2g\u00e9es, en surpoids, ou avec des probl\u00e8mes de dos : tout le monde peut s&rsquo;y mettre !<\/p>\n\n\n\n<p>En plus des traditionnelles alt\u00e8res, le club poss\u00e8de diff\u00e9rents \u00e9quipements : rames, lests&#8230;<\/p>\n","protected":false},"excerpt":{"rendered":"<p>L&rsquo;aquagym est une m\u00e9thode de musculation qui se pratique en piscine sous forme de gymnastique effectu\u00e9e dans l&rsquo;eau. Elle met en oeuvre\u00a0la r\u00e9sistance de l&rsquo;eau aux mouvements\u00a0; l&rsquo;eau offrant des possibilit\u00e9s innombrables pour s&rsquo;entra\u00eener&#46;&#46;&#46;<\/p>\n","protected":false},"author":3,"featured_media":0,"parent":0,"menu_order":0,"comment_status":"closed","ping_status":"closed","template":"","meta":{"footnotes":""},"class_list":["post-70","page","type-page","status-publish","hentry"],"_links":{"self":[{"href":"https:\/\/chan-honfleur.org\/chan\/wp-json\/wp\/v2\/pages\/70","targetHints":{"allow":["GET"]}}],"collection":[{"href":"https:\/\/chan-honfleur.org\/chan\/wp-json\/wp\/v2\/pages"}],"about":[{"href":"https:\/\/chan-honfleur.org\/chan\/wp-json\/wp\/v2\/types\/page"}],"author":[{"embeddable":true,"href":"https:\/\/chan-honfleur.org\/chan\/wp-json\/wp\/v2\/users\/3"}],"replies":[{"embeddable":true,"href":"https:\/\/chan-honfleur.org\/chan\/wp-json\/wp\/v2\/comments?post=70"}],"version-history":[{"count":12,"href":"https:\/\/chan-honfleur.org\/chan\/wp-json\/wp\/v2\/pages\/70\/revisions"}],"predecessor-version":[{"id":5194,"href":"https:\/\/chan-honfleur.org\/chan\/wp-json\/wp\/v2\/pages\/70\/revisions\/5194"}],"wp:attachment":[{"href":"https:\/\/chan-honfleur.org\/chan\/wp-json\/wp\/v2\/media?parent=70"}],"curies":[{"name":"wp","href":"https:\/\/api.w.org\/{rel}","templated":true}]}}