{"id":56,"date":"2014-12-18T17:33:25","date_gmt":"2014-12-18T16:33:25","guid":{"rendered":"http:\/\/chan-honfleur.org\/chan\/?page_id=56"},"modified":"2025-09-10T11:01:29","modified_gmt":"2025-09-10T09:01:29","slug":"jeunes-plongeurs","status":"publish","type":"page","link":"https:\/\/chan-honfleur.org\/chan\/plongee\/jeunes-plongeurs\/","title":{"rendered":"Plong\u00e9e Enfants et Jeunes"},"content":{"rendered":"<div class=\"wp-block-image\">\n<figure class=\"alignleft size-large is-resized\"><img loading=\"lazy\" decoding=\"async\" width=\"1024\" height=\"768\" src=\"https:\/\/chan-honfleur.org\/chan\/wp-content\/uploads\/1000025666-2-1024x768.jpg\" alt=\"\" class=\"wp-image-6891\" style=\"width:339px;height:auto\" srcset=\"https:\/\/chan-honfleur.org\/chan\/wp-content\/uploads\/1000025666-2-1024x768.jpg 1024w, https:\/\/chan-honfleur.org\/chan\/wp-content\/uploads\/1000025666-2-300x225.jpg 300w, https:\/\/chan-honfleur.org\/chan\/wp-content\/uploads\/1000025666-2-768x576.jpg 768w, https:\/\/chan-honfleur.org\/chan\/wp-content\/uploads\/1000025666-2-1536x1152.jpg 1536w, https:\/\/chan-honfleur.org\/chan\/wp-content\/uploads\/1000025666-2.jpg 1600w\" sizes=\"auto, (max-width: 1024px) 100vw, 1024px\" \/><\/figure><\/div>\n\n\n<p>Au CHAN Plong\u00e9e, nous accueillons les enfants et les jeunes d\u00e8s 8 ans pour leur faire d\u00e9couvrir les merveilles de la plong\u00e9e sous-marine.<\/p>\n\n\n\n<p>L\u2019apprentissage se fait de fa\u00e7on progressive et ludique, gr\u00e2ce \u00e0 des jeux, des \u00e9ducatifs adapt\u00e9s et un mat\u00e9riel con\u00e7u sp\u00e9cialement pour leur morphologie.<\/p>\n\n\n\n<p>Nous nous retrouvons tous les mercredis \u00e0 la piscine de Honfleur sur deux cr\u00e9neaux diff\u00e9rents selon l\u2019\u00e2ge (8-12 ans et 13-17 ans). Les s\u00e9ances permettent aux jeunes plongeurs de d\u00e9velopper leurs comp\u00e9tences, d\u2019apprendre \u00e0 \u00e9voluer sereinement sous l\u2019eau et de plonger dans les meilleures conditions de s\u00e9curit\u00e9.<\/p>\n\n\n\n<p>Notre \u00e9quipe d\u2019encadrants et de moniteurs passionn\u00e9s les accompagne avec bienveillance et dynamisme, pour transmettre leur savoir et partager leur passion.<\/p>\n\n\n\n<p>Tout le mat\u00e9riel est fourni par le club (combinaisons, gilets, d\u00e9tendeurs, blocs, palmes), m\u00eame si nous recommandons aux parents d\u2019investir dans un masque et un tuba pour des raisons d\u2019hygi\u00e8ne.<\/p>\n\n\n<div class=\"wp-block-image\">\n<figure class=\"alignleft size-large is-resized\"><img loading=\"lazy\" decoding=\"async\" width=\"1024\" height=\"770\" src=\"https:\/\/chan-honfleur.org\/chan\/wp-content\/uploads\/1000025657-1-1024x770.jpg\" alt=\"\" class=\"wp-image-6892\" style=\"width:341px;height:auto\" srcset=\"https:\/\/chan-honfleur.org\/chan\/wp-content\/uploads\/1000025657-1-1024x770.jpg 1024w, https:\/\/chan-honfleur.org\/chan\/wp-content\/uploads\/1000025657-1-300x225.jpg 300w, https:\/\/chan-honfleur.org\/chan\/wp-content\/uploads\/1000025657-1-768x577.jpg 768w, https:\/\/chan-honfleur.org\/chan\/wp-content\/uploads\/1000025657-1.jpg 1280w\" sizes=\"auto, (max-width: 1024px) 100vw, 1024px\" \/><\/figure><\/div>\n\n\n<p>Et lorsque le niveau des jeunes plongeurs le permet, nous leur offrons l\u2019opportunit\u00e9 de d\u00e9couvrir la plong\u00e9e en milieu naturel : depuis les plages de notre r\u00e9gion ou directement depuis notre bateau, pour vivre leurs premi\u00e8res vraies aventures subaquatiques !<\/p>\n\n\n\n<p>Au CHAN Plong\u00e9e, chaque enfant devient explorateur des fonds marins. Offrez-leur l\u2019occasion unique de plonger, s\u2019\u00e9merveiller et grandir dans un univers d\u2019aventure, de confiance et de s\u00e9curit\u00e9.<\/p>\n\n\n\n<p><\/p>\n\n\n\n<p>Un <a href=\"https:\/\/chan-honfleur.org\/chan\/wp-content\/uploads\/36282b50927bd779937cb409bb56285f2959c613.pdf\" data-type=\"attachment\" data-id=\"6862\">certificat m\u00e9dical<\/a> est obligatoire pour la pratique de cette activit\u00e9.<\/p>\n\n\n\n<p><\/p>\n","protected":false},"excerpt":{"rendered":"<p>Au CHAN Plong\u00e9e, nous accueillons les enfants et les jeunes d\u00e8s 8 ans pour leur faire d\u00e9couvrir les merveilles de la plong\u00e9e sous-marine. L\u2019apprentissage se fait de fa\u00e7on progressive et ludique, gr\u00e2ce \u00e0 des&#46;&#46;&#46;<\/p>\n","protected":false},"author":3,"featured_media":0,"parent":257,"menu_order":0,"comment_status":"closed","ping_status":"closed","template":"","meta":{"footnotes":""},"class_list":["post-56","page","type-page","status-publish","hentry"],"_links":{"self":[{"href":"https:\/\/chan-honfleur.org\/chan\/wp-json\/wp\/v2\/pages\/56","targetHints":{"allow":["GET"]}}],"collection":[{"href":"https:\/\/chan-honfleur.org\/chan\/wp-json\/wp\/v2\/pages"}],"about":[{"href":"https:\/\/chan-honfleur.org\/chan\/wp-json\/wp\/v2\/types\/page"}],"author":[{"embeddable":true,"href":"https:\/\/chan-honfleur.org\/chan\/wp-json\/wp\/v2\/users\/3"}],"replies":[{"embeddable":true,"href":"https:\/\/chan-honfleur.org\/chan\/wp-json\/wp\/v2\/comments?post=56"}],"version-history":[{"count":10,"href":"https:\/\/chan-honfleur.org\/chan\/wp-json\/wp\/v2\/pages\/56\/revisions"}],"predecessor-version":[{"id":6895,"href":"https:\/\/chan-honfleur.org\/chan\/wp-json\/wp\/v2\/pages\/56\/revisions\/6895"}],"up":[{"embeddable":true,"href":"https:\/\/chan-honfleur.org\/chan\/wp-json\/wp\/v2\/pages\/257"}],"wp:attachment":[{"href":"https:\/\/chan-honfleur.org\/chan\/wp-json\/wp\/v2\/media?parent=56"}],"curies":[{"name":"wp","href":"https:\/\/api.w.org\/{rel}","templated":true}]}}