{"id":4053,"date":"2018-11-01T09:46:38","date_gmt":"2018-11-01T08:46:38","guid":{"rendered":"http:\/\/chan-honfleur.org\/chan\/?page_id=4053"},"modified":"2025-10-03T18:22:16","modified_gmt":"2025-10-03T16:22:16","slug":"contact","status":"publish","type":"page","link":"https:\/\/chan-honfleur.org\/chan\/contact\/","title":{"rendered":"Contact"},"content":{"rendered":"\n<p><strong>Club Honfleurais d&rsquo;Activit\u00e9s Nautiques<\/strong><br>BP70083<br>14603 Honfleur cedex<br><a href=\"mailto:contact@chan-honfleur.org\">contact@chan-honfleur.org<\/a><\/p>\n\n\n\n<p><span style=\"text-decoration: underline;\">T\u00e9l\u00e9phone<\/span><br>B\u00e9n\u00e9dicte B\u00e9zier &#8211; co-pr\u00e9sidente partie FFN (Natation et Aquagym) : 06.40.78.09.78 (par message prioritairement)<br>Pascal Conseil co-pr\u00e9sident partie FFESSM (Plong\u00e9e adultes, jeunes et Nage avec palmes) : 06.62.39.80.95<br>Didier Mulot &#8211; Vice-pr\u00e9sident : 06.62.82.90.73<\/p>\n\n\n\n<p>Le local du club se trouve \u00e0 c\u00f4t\u00e9 de la piscine de Honfleur (situ\u00e9e Boulevard Charles V).<\/p>\n\n\n\n<p><em>Le personnel de la piscine municipale de Honfleur ne saura vous renseigner sur les activit\u00e9s du club (horaires&#8230;).<br>Il n&rsquo;est donc pas utile de les contacter.<\/em><\/p>\n\n\n\n<p><iframe loading=\"lazy\" style=\"border: 1px solid black;\" src=\"https:\/\/www.openstreetmap.org\/export\/embed.html?bbox=0.22377133369445804%2C49.42044481021125%2C0.24043321609497073%2C49.42724900254701&amp;layer=mapnik&amp;marker=49.42385051365163%2C0.23209691047668457\" marginwidth=\"0\" marginheight=\"0\" scrolling=\"no\" width=\"425\" height=\"350\" frameborder=\"0\"><\/iframe><br><small><a href=\"https:\/\/www.openstreetmap.org\/?mlat=49.42385&amp;mlon=0.23210#map=17\/49.42385\/0.23210\" target=\"_blank\" rel=\"noopener noreferrer\"><em>agrandir la carte<\/em><\/a><\/small><\/p>\n","protected":false},"excerpt":{"rendered":"<p>Club Honfleurais d&rsquo;Activit\u00e9s NautiquesBP7008314603 Honfleur cedexcontact@chan-honfleur.org T\u00e9l\u00e9phoneB\u00e9n\u00e9dicte B\u00e9zier &#8211; co-pr\u00e9sidente partie FFN (Natation et Aquagym) : 06.40.78.09.78 (par message prioritairement)Pascal Conseil co-pr\u00e9sident partie FFESSM (Plong\u00e9e adultes, jeunes et Nage avec palmes) : 06.62.39.80.95Didier Mulot&#46;&#46;&#46;<\/p>\n","protected":false},"author":3,"featured_media":0,"parent":0,"menu_order":0,"comment_status":"closed","ping_status":"closed","template":"","meta":{"footnotes":""},"class_list":["post-4053","page","type-page","status-publish","hentry"],"_links":{"self":[{"href":"https:\/\/chan-honfleur.org\/chan\/wp-json\/wp\/v2\/pages\/4053","targetHints":{"allow":["GET"]}}],"collection":[{"href":"https:\/\/chan-honfleur.org\/chan\/wp-json\/wp\/v2\/pages"}],"about":[{"href":"https:\/\/chan-honfleur.org\/chan\/wp-json\/wp\/v2\/types\/page"}],"author":[{"embeddable":true,"href":"https:\/\/chan-honfleur.org\/chan\/wp-json\/wp\/v2\/users\/3"}],"replies":[{"embeddable":true,"href":"https:\/\/chan-honfleur.org\/chan\/wp-json\/wp\/v2\/comments?post=4053"}],"version-history":[{"count":19,"href":"https:\/\/chan-honfleur.org\/chan\/wp-json\/wp\/v2\/pages\/4053\/revisions"}],"predecessor-version":[{"id":6938,"href":"https:\/\/chan-honfleur.org\/chan\/wp-json\/wp\/v2\/pages\/4053\/revisions\/6938"}],"wp:attachment":[{"href":"https:\/\/chan-honfleur.org\/chan\/wp-json\/wp\/v2\/media?parent=4053"}],"curies":[{"name":"wp","href":"https:\/\/api.w.org\/{rel}","templated":true}]}}