{"id":257,"date":"2015-01-27T20:48:42","date_gmt":"2015-01-27T19:48:42","guid":{"rendered":"http:\/\/chan-honfleur.org\/chan\/?page_id=257"},"modified":"2025-11-17T20:30:53","modified_gmt":"2025-11-17T19:30:53","slug":"plongee","status":"publish","type":"page","link":"https:\/\/chan-honfleur.org\/chan\/plongee\/","title":{"rendered":"Plong\u00e9e"},"content":{"rendered":"<div class=\"wp-block-image\">\n<figure class=\"aligncenter size-full\"><img loading=\"lazy\" decoding=\"async\" width=\"500\" height=\"500\" src=\"https:\/\/chan-honfleur.org\/chan\/wp-content\/uploads\/IMG-20251117-WA0001.jpg\" alt=\"\" class=\"wp-image-6985\" srcset=\"https:\/\/chan-honfleur.org\/chan\/wp-content\/uploads\/IMG-20251117-WA0001.jpg 500w, https:\/\/chan-honfleur.org\/chan\/wp-content\/uploads\/IMG-20251117-WA0001-300x300.jpg 300w, https:\/\/chan-honfleur.org\/chan\/wp-content\/uploads\/IMG-20251117-WA0001-150x150.jpg 150w, https:\/\/chan-honfleur.org\/chan\/wp-content\/uploads\/IMG-20251117-WA0001-80x80.jpg 80w, https:\/\/chan-honfleur.org\/chan\/wp-content\/uploads\/IMG-20251117-WA0001-320x320.jpg 320w\" sizes=\"auto, (max-width: 500px) 100vw, 500px\" \/><\/figure><\/div>\n\n\n<p><\/p>\n\n\n\n<p><\/p>\n\n\n<div class=\"wp-block-image\">\n<figure class=\"alignleft\"><img loading=\"lazy\" decoding=\"async\" width=\"300\" height=\"225\" src=\"https:\/\/chan-honfleur.org\/chan\/wp-content\/uploads\/2015\/01\/ImagePlongee.jpg\" alt=\"ImagePlongee\" class=\"wp-image-599\" srcset=\"https:\/\/chan-honfleur.org\/chan\/wp-content\/uploads\/2015\/01\/ImagePlongee.jpg 300w, https:\/\/chan-honfleur.org\/chan\/wp-content\/uploads\/2015\/01\/ImagePlongee-200x150.jpg 200w, https:\/\/chan-honfleur.org\/chan\/wp-content\/uploads\/2015\/01\/ImagePlongee-150x112.jpg 150w\" sizes=\"auto, (max-width: 300px) 100vw, 300px\" \/><\/figure><\/div>\n\n\n<p class=\"has-medium-font-size\"><strong>D\u00e9couvrez le CHAN Plong\u00e9e \u2013 \u00c9cole de plong\u00e9e \u00e0 Honfleur<\/strong><\/p>\n\n\n\n<p>Plonger, c\u2019est bien plus qu\u2019un sport : c\u2019est une aventure, une rencontre avec un monde fascinant et une exp\u00e9rience humaine unique.<\/p>\n\n\n\n<p>Au sein du CHAN \u2013 Club Honfleurais d\u2019Activit\u00e9s Nautiques, la section plong\u00e9e vous ouvre les portes de ce monde passionnant, dans une ambiance conviviale et s\u00e9curis\u00e9e.<\/p>\n\n\n\n<p><\/p>\n\n\n\n<p class=\"has-medium-font-size\"><strong>La plong\u00e9e bouteille<\/strong><\/p>\n\n\n<div class=\"wp-block-image\">\n<figure class=\"alignleft size-large is-resized\"><img loading=\"lazy\" decoding=\"async\" width=\"1024\" height=\"768\" src=\"https:\/\/chan-honfleur.org\/chan\/wp-content\/uploads\/1000025669-1024x768.jpg\" alt=\"\" class=\"wp-image-6900\" style=\"width:297px;height:auto\" srcset=\"https:\/\/chan-honfleur.org\/chan\/wp-content\/uploads\/1000025669-1024x768.jpg 1024w, https:\/\/chan-honfleur.org\/chan\/wp-content\/uploads\/1000025669-300x225.jpg 300w, https:\/\/chan-honfleur.org\/chan\/wp-content\/uploads\/1000025669-768x576.jpg 768w, https:\/\/chan-honfleur.org\/chan\/wp-content\/uploads\/1000025669-1536x1152.jpg 1536w, https:\/\/chan-honfleur.org\/chan\/wp-content\/uploads\/1000025669.jpg 1600w\" sizes=\"auto, (max-width: 1024px) 100vw, 1024px\" \/><\/figure><\/div>\n\n\n<p>Notre club, affili\u00e9 \u00e0 la F\u00e9d\u00e9ration Fran\u00e7aise d\u2019\u00c9tudes et de Sports Sous-Marins (FFESSM), propose un large choix de formations adapt\u00e9es \u00e0 tous les publics :<\/p>\n\n\n\n<p>\u2022 Jeunes plongeurs : \u00c9toile de mer, Plongeur de Bronze, d\u2019Argent et d\u2019Or.<\/p>\n\n\n\n<p>\u2022 Plongeurs loisirs : du Niveau 1 au Niveau 3.<\/p>\n\n\n\n<p>\u2022 Encadrants : pr\u00e9paration au Niveau 4 \u2013 Guide de palanqu\u00e9e, Initiateur et MF1.<\/p>\n\n\n\n<p>Derri\u00e8re ces formations, une \u00e9quipe d\u2019encadrants et de moniteurs passionn\u00e9s est toujours pr\u00eate \u00e0 transmettre son savoir et sa passion. Gr\u00e2ce \u00e0 leur exp\u00e9rience et leur bienveillance, chacun peut progresser \u00e0 son rythme, d\u00e9couvrir de nouvelles sensations et pratiquer en toute s\u00e9curit\u00e9.<\/p>\n\n\n\n<p>Chaque semaine, nous nous entra\u00eenons \u00e0 la piscine de Honfleur pour apprendre, progresser et entretenir notre condition physique.<\/p>\n\n\n<div class=\"wp-block-image\">\n<figure class=\"alignleft size-large is-resized\"><img loading=\"lazy\" decoding=\"async\" width=\"1024\" height=\"768\" src=\"https:\/\/chan-honfleur.org\/chan\/wp-content\/uploads\/1000025660-1024x768.jpg\" alt=\"\" class=\"wp-image-6902\" style=\"width:292px;height:auto\" srcset=\"https:\/\/chan-honfleur.org\/chan\/wp-content\/uploads\/1000025660-1024x768.jpg 1024w, https:\/\/chan-honfleur.org\/chan\/wp-content\/uploads\/1000025660-300x225.jpg 300w, https:\/\/chan-honfleur.org\/chan\/wp-content\/uploads\/1000025660-768x576.jpg 768w, https:\/\/chan-honfleur.org\/chan\/wp-content\/uploads\/1000025660.jpg 1280w\" sizes=\"auto, (max-width: 1024px) 100vw, 1024px\" \/><\/figure><\/div>\n\n\n<p>Tout au long de l\u2019ann\u00e9e, nous organisons \u00e9galement :<\/p>\n\n\n\n<p>\u2022 des s\u00e9ances en fosse de plong\u00e9e,<\/p>\n\n\n\n<p>\u2022 des plong\u00e9es en milieux naturels comme les bassins du Havre ou la carri\u00e8re de Foug\u00e8res,<\/p>\n\n\n\n<p>\u2022 et des sorties en mer gr\u00e2ce \u00e0 notre bateau bas\u00e9 \u00e0 F\u00e9camp, qui permet d\u2019explorer les magnifiques \u00e9paves historiques de nos c\u00f4tes normandes.<\/p>\n\n\n\n<p>En plus de la formation, nous proposons de nombreuses plong\u00e9es d\u2019exploration dans notre r\u00e9gion, mais aussi lors des s\u00e9jours organis\u00e9s chaque ann\u00e9e, en France et parfois \u00e0 l\u2019\u00e9tranger.<\/p>\n\n\n\n<p>Le club met \u00e0 disposition de ses adh\u00e9rents un parc de mat\u00e9riel complet, moderne et performant, pr\u00eat\u00e9 lors de toutes les activit\u00e9s, ainsi qu\u2019un compresseur pour le gonflage des blocs.<\/p>\n\n\n\n<p>Au CHAN Plong\u00e9e, nous croyons que chaque plong\u00e9e est une nouvelle aventure. Venez partager la n\u00f4tre, et laissez-vous guider vers la d\u00e9couverte d\u2019un monde unique, o\u00f9 la passion se vit \u00e0 chaque immersion.<\/p>\n\n\n\n<p>Le club vous offre des formations de plongeur allant du Niveau 1 au Niveau 3.<\/p>\n\n\n\n<p>L&rsquo;entra\u00eenement se fait en piscine mais des sorties en fosse ou en mer sont r\u00e9guli\u00e8rement propos\u00e9es au cours de l&rsquo;ann\u00e9e.<br>Chaque ann\u00e9e, le club organise \u00e9galement un ou plusieurs s\u00e9jours en France et \u00e0 l&rsquo;\u00e9tranger.<\/p>\n\n\n\n<p>Tout le mat\u00e9riel d&rsquo;entra\u00eenement est fourni par le club.<br>Le club poss\u00e8de \u00e9galement son propre compresseur pour gonfler les blocs ainsi qu&rsquo;un bateau pour les sorties en mer au d\u00e9part de Deauville.<\/p>\n\n\n\n<p>Une section pour les <a title=\"Plong\u00e9e Jeunes\" href=\"https:\/\/chan-honfleur.org\/chan\/?page_id=56\">Jeunes Plongeurs<\/a> est accessible \u00e0 partir de 8 ans.<\/p>\n\n\n\n<h2 class=\"wp-block-heading\">Fiches pratiques pour l&rsquo;obtention de votre certificat m\u00e9dical<\/h2>\n\n\n\n<ul class=\"wp-block-list\">\n<li><a rel=\"noopener noreferrer\" href=\"https:\/\/chan-honfleur.org\/chan\/wp-content\/uploads\/CMPN-Questionnaire-daide-\u00e0-la-VM.pdf\" target=\"_blank\">Questionnaire m\u00e9dical<\/a><\/li>\n\n\n\n<li><a rel=\"noopener noreferrer\" href=\"https:\/\/chan-honfleur.org\/chan\/wp-content\/uploads\/CMPN-contre-indications.pdf\" target=\"_blank\">Liste des contre-indications<\/a><\/li>\n\n\n\n<li><a href=\"https:\/\/chan-honfleur.org\/chan\/wp-content\/uploads\/36282b50927bd779937cb409bb56285f2959c613.pdf\">Certificat m\u00e9dical<\/a><\/li>\n<\/ul>\n\n\n\n<h2 class=\"wp-block-heading\">Environnement &#8211; Biologie<\/h2>\n\n\n\n<p>D\u00e9couvrez les sites <a href=\"http:\/\/bioobs.fr\/\" target=\"_blank\" rel=\"noopener noreferrer\">Bioops<\/a> et <a href=\"http:\/\/doris.ffessm.fr\/\" target=\"_blank\" rel=\"noopener noreferrer\">Doris<\/a> pour pr\u00e9parer vos plong\u00e9es et vous inscrire dans une d\u00e9marche de science participative.<\/p>\n\n\n\n<h2 class=\"wp-block-heading\">Sorties &#8211; S\u00e9jours<\/h2>\n\n\n\n<p>Le club organise des sorties en fosse&nbsp;ou en mer tout au long de l&rsquo;ann\u00e9e.<br>Pour participer \u00e0 ces sorties, il est n\u00e9cessaire de s&rsquo;inscrire aupr\u00e8s de l&rsquo;organisateur.<br><em>Ces sorties pourront \u00eatre modifi\u00e9es ou annul\u00e9es&nbsp;pour des probl\u00e8mes de m\u00e9t\u00e9o, d&rsquo;encadrement ou de logistique.<\/em><\/p>\n\n\n\n<p>Le club organise \u00e9galement chaque ann\u00e9e des s\u00e9jours en France et&nbsp;\u00e0 l&rsquo;\u00e9tranger.<br>Afin de faciliter les d\u00e9marches de l&rsquo;organisateur, il appartient \u00e0 chaque adh\u00e9rent de s&rsquo;inscrire rapidement.<br><em>Des arrhes sont demand\u00e9es \u00e0 la r\u00e9servation et toute r\u00e9servation sera due, sauf pour ceux qui auront solutionn\u00e9 leur remplacement par un autre membre du club.<\/em><\/p>\n\n\n\n<p>Les assurances Lafont ont mis en place en collaboration avec la FFESSM un produit appel\u00e9 <em>Pack Voyage<\/em>.<br>Il s&rsquo;agit d&rsquo;une assurance d\u2019annulation ou d\u2019interruption de voyage suite \u00e0 des probl\u00e8mes m\u00e9dicaux ou suite au d\u00e9c\u00e8s d\u2019un proche. Elle couvre \u00e9galement la perte ou le vol des bagages. Cette garantie couvre un s\u00e9jour de maximum 3 semaines ainsi que les sinistres dans les 30 jours pr\u00e9c\u00e9dant votre d\u00e9part. Son co\u00fbt est de 8 euros.<br>Pour y souscrire il faut \u00eatre licenci\u00e9 de la FFESSM, se rendre dans son espace client sur le <a rel=\"noreferrer noopener\" href=\"https:\/\/www.assurdiving.com\/connexion\/connexion\" target=\"_blank\">site de l\u2019assureur Lafont<\/a>. Dans votre espace <em>Assurance individuelle Accident et Assistance<\/em> il suffit ensuite de cliquer sur <em>Modifier votre assurance<\/em> puis sur <em>Suivant<\/em>&nbsp;et de s\u00e9lectionner le <em>Pack Voyage<\/em>. Si vous n\u2019avez pas encore d\u2019espace client chez Lafont, il suffit de le cr\u00e9er leur site en suivant les indications.<\/p>\n\n\n\n<p>Pour toute activit\u00e9 \u00e0 l&rsquo;ext\u00e9rieur de la piscine, vous devez vous munir : de votre <strong>licence (en cours de validit\u00e9)<\/strong>, de votre <strong>certificat m\u00e9dical (en cours de validit\u00e9)<\/strong>, de votre <strong>carte de niveau<\/strong> et de votre <strong>carnet de plong\u00e9e<\/strong>.<\/p>\n\n\n\n<h2 class=\"wp-block-heading\">Utilisation du mat\u00e9riel du club<\/h2>\n\n\n\n<p>Les adh\u00e9rents souhaitant emprunter le mat\u00e9riel du club lors des sorties seront soumis aux r\u00e8gles ci-dessous.<\/p>\n\n\n\n<ul class=\"wp-block-list\">\n<li><strong>S\u00e9lectionner et emporter le mat\u00e9riel le jour du dernier entra\u00eenement avant la sortie<\/strong><\/li>\n\n\n\n<li><strong>Noter le mat\u00e9riel emprunt\u00e9 dans le registre<\/strong><\/li>\n\n\n\n<li><strong>Ne jamais utiliser ce mat\u00e9riel en dehors des sorties organis\u00e9es par le club<\/strong> (responsabilit\u00e9 du club en cas d&rsquo;accident)<\/li>\n\n\n\n<li><strong>Rapporter le mat\u00e9riel emprunt\u00e9 le jour de l&rsquo;entra\u00eenement suivant la sortie<\/strong> (ou le soir m\u00eame pendant les vacances)<\/li>\n<\/ul>\n\n\n\n<h2 class=\"wp-block-heading\">Foire Aux Questions<\/h2>\n\n\n\n<p><strong>Quels sont les documents n\u00e9cessaires pour s&rsquo;inscrire \u00e0 la section Plong\u00e9e ?<\/strong><br>Un certificat m\u00e9dical de non contre-indication, la fiche d&rsquo;inscription compl\u00e9t\u00e9e et un ch\u00e8que du montant de la cotisation et de la licence.<\/p>\n\n\n\n<p><strong>Quel m\u00e9decin peut me d\u00e9livrer un certificat m\u00e9dical ?<\/strong><br>Pour les enfants : tout m\u00e9decin (g\u00e9n\u00e9raliste, du sport, f\u00e9d\u00e9ral&#8230;), \u00e0 renouveler tous les ans<br>Pour les d\u00e9butants, les Niveaux 1, 2 et 3 : tout m\u00e9decin (g\u00e9n\u00e9raliste, du sport, f\u00e9d\u00e9ral&#8230;), \u00e0 renouveler tous les ans<br>Pour le Niveau 4, les MF1 et MF2 : tout m\u00e9decin (g\u00e9n\u00e9raliste, du sport, f\u00e9d\u00e9ral&#8230;), \u00e0 renouveler tous les ans<br>La FFESSM conseille aux membres et licenci\u00e9s de privil\u00e9gier, chaque fois que possible, le recours \u00e0 un m\u00e9decin f\u00e9d\u00e9ral et ce m\u00eame dans les cas o\u00f9 le certificat de non contre-indication peut \u00eatre d\u00e9livr\u00e9 par tout m\u00e9decin.<\/p>\n\n\n\n<p><strong>\u00c0&nbsp;quel \u00e2ge puis-je passer le Niveau 1 ?<\/strong><br>L&rsquo;\u00e2ge requis est de 12 ans.<\/p>\n\n\n\n<p><strong>Combien faut-il de plong\u00e9e en mer pour obtenir le Niveau 1 ?<\/strong><br>Un minimum de 4 plong\u00e9es en milieu naturel est&nbsp;n\u00e9cessaire pour l&rsquo;obtention de la carte CMAS Plongeur 1* (Niveau 1).<\/p>\n\n\n\n<p><strong>\u00c0&nbsp;quel \u00e2ge puis-je passer le Niveau 2 ?<\/strong><br>L&rsquo;\u00e2ge requis est de 15 ans.<\/p>\n\n\n\n<p><strong>Quand puis-je pr\u00e9parer le niveau 2 ?<\/strong><br>Avoir effectu\u00e9 15 plong\u00e9es en milieu naturel en tant que niveau 1.<\/p>\n\n\n\n<p><strong>Comment choisir une paire de palmes ?<\/strong><br>Si vous souhaitez acheter des palmes pour la piscine, prenez des palmes chaussantes et relativement souples.<br>Si vous souhaitez des palmes pour plonger en mer, privil\u00e9giez des palmes r\u00e9glables que vous compl\u00e9terez avec des chaussons en n\u00e9opr\u00e8ne pour lutter contre le froid.<br>Surtout, n&rsquo;h\u00e9sitez pas \u00e0 demander des conseils \u00e0 votre encadrant avant tout achat.<\/p>\n","protected":false},"excerpt":{"rendered":"<p>D\u00e9couvrez le CHAN Plong\u00e9e \u2013 \u00c9cole de plong\u00e9e \u00e0 Honfleur Plonger, c\u2019est bien plus qu\u2019un sport : c\u2019est une aventure, une rencontre avec un monde fascinant et une exp\u00e9rience humaine unique. Au sein du&#46;&#46;&#46;<\/p>\n","protected":false},"author":3,"featured_media":0,"parent":0,"menu_order":0,"comment_status":"closed","ping_status":"closed","template":"","meta":{"footnotes":""},"class_list":["post-257","page","type-page","status-publish","hentry"],"_links":{"self":[{"href":"https:\/\/chan-honfleur.org\/chan\/wp-json\/wp\/v2\/pages\/257","targetHints":{"allow":["GET"]}}],"collection":[{"href":"https:\/\/chan-honfleur.org\/chan\/wp-json\/wp\/v2\/pages"}],"about":[{"href":"https:\/\/chan-honfleur.org\/chan\/wp-json\/wp\/v2\/types\/page"}],"author":[{"embeddable":true,"href":"https:\/\/chan-honfleur.org\/chan\/wp-json\/wp\/v2\/users\/3"}],"replies":[{"embeddable":true,"href":"https:\/\/chan-honfleur.org\/chan\/wp-json\/wp\/v2\/comments?post=257"}],"version-history":[{"count":53,"href":"https:\/\/chan-honfleur.org\/chan\/wp-json\/wp\/v2\/pages\/257\/revisions"}],"predecessor-version":[{"id":6993,"href":"https:\/\/chan-honfleur.org\/chan\/wp-json\/wp\/v2\/pages\/257\/revisions\/6993"}],"wp:attachment":[{"href":"https:\/\/chan-honfleur.org\/chan\/wp-json\/wp\/v2\/media?parent=257"}],"curies":[{"name":"wp","href":"https:\/\/api.w.org\/{rel}","templated":true}]}}