{"id":1333,"date":"2015-04-13T08:24:23","date_gmt":"2015-04-13T06:24:23","guid":{"rendered":"http:\/\/chan-honfleur.org\/chan\/?page_id=1333"},"modified":"2026-04-13T16:32:13","modified_gmt":"2026-04-13T14:32:13","slug":"actualites-du-club","status":"publish","type":"page","link":"https:\/\/chan-honfleur.org\/chan\/","title":{"rendered":"Actualit\u00e9s du club"},"content":{"rendered":"\n<figure class=\"wp-block-image size-large\"><img loading=\"lazy\" decoding=\"async\" width=\"1024\" height=\"683\" src=\"https:\/\/chan-honfleur.org\/chan\/wp-content\/uploads\/Banniere-horizontale-vacances-de-printemps-1024x683.png\" alt=\"\" class=\"wp-image-7052\" srcset=\"https:\/\/chan-honfleur.org\/chan\/wp-content\/uploads\/Banniere-horizontale-vacances-de-printemps-1024x683.png 1024w, https:\/\/chan-honfleur.org\/chan\/wp-content\/uploads\/Banniere-horizontale-vacances-de-printemps-300x200.png 300w, https:\/\/chan-honfleur.org\/chan\/wp-content\/uploads\/Banniere-horizontale-vacances-de-printemps-768x512.png 768w, https:\/\/chan-honfleur.org\/chan\/wp-content\/uploads\/Banniere-horizontale-vacances-de-printemps.png 1536w\" sizes=\"auto, (max-width: 1024px) 100vw, 1024px\" \/><\/figure>\n\n\n\n<p class=\"has-text-align-center has-luminous-vivid-amber-background-color has-background has-large-font-size\" style=\"font-style:normal;font-weight:900\">Horaires des vacances de printemps<\/p>\n\n\n\n<div data-wp-interactive=\"core\/file\" class=\"wp-block-file\"><object data-wp-bind--hidden=\"!state.hasPdfPreview\" hidden class=\"wp-block-file__embed\" data=\"https:\/\/chan-honfleur.org\/chan\/wp-content\/uploads\/planning-Chan-04-26-2e.pdf\" type=\"application\/pdf\" style=\"width:100%;height:600px\" aria-label=\"Contenu embarqu\u00e9 planning Chan 04-26-2e.\"><\/object><a id=\"wp-block-file--media-72062a39-dd2b-4e35-a10b-a32e48e89de1\" href=\"https:\/\/chan-honfleur.org\/chan\/wp-content\/uploads\/planning-Chan-04-26-2e.pdf\">planning Chan 04-26-2e<\/a><a href=\"https:\/\/chan-honfleur.org\/chan\/wp-content\/uploads\/planning-Chan-04-26-2e.pdf\" class=\"wp-block-file__button wp-element-button\" download aria-describedby=\"wp-block-file--media-72062a39-dd2b-4e35-a10b-a32e48e89de1\">T\u00e9l\u00e9charger<\/a><\/div>\n\n\n\n<p class=\"has-text-align-center has-luminous-vivid-amber-background-color has-background has-large-font-size\" style=\"font-style:normal;font-weight:900\">Tous les nageurs du groupe peuvent participer aux cr\u00e9neaux propos\u00e9s.<br><br>&#8211;<strong>Aisance aquatique: <\/strong>pr\u00e9sence de parents requise. <br><br>&#8211; Natation perfectionnement: pr\u00e9sence \u00e0 signaler au pr\u00e9alable aupr\u00e8s de Pierre-Maxime.<br><\/p>\n\n\n\n<div class=\"wp-block-group\"><div class=\"wp-block-group__inner-container is-layout-constrained wp-block-group-is-layout-constrained\">\n<div class=\"wp-block-columns alignwide is-layout-flex wp-container-core-columns-is-layout-9d6595d7 wp-block-columns-is-layout-flex\">\n<div class=\"wp-block-column has-white-background-color has-background is-layout-flow wp-block-column-is-layout-flow\">\n<div class=\"wp-block-group alignwide is-content-justification-center is-nowrap is-layout-flex wp-container-core-group-is-layout-94bc23d7 wp-block-group-is-layout-flex\"><div class=\"wp-block-image\">\n<figure class=\"aligncenter size-full is-resized\"><img loading=\"lazy\" decoding=\"async\" width=\"512\" height=\"512\" src=\"https:\/\/chan-honfleur.org\/chan\/wp-content\/uploads\/cropped-Icone.jpg\" alt=\"\" class=\"wp-image-3297\" style=\"aspect-ratio:1;width:188px;height:auto\" srcset=\"https:\/\/chan-honfleur.org\/chan\/wp-content\/uploads\/cropped-Icone.jpg 512w, https:\/\/chan-honfleur.org\/chan\/wp-content\/uploads\/cropped-Icone-150x150.jpg 150w, https:\/\/chan-honfleur.org\/chan\/wp-content\/uploads\/cropped-Icone-300x300.jpg 300w, https:\/\/chan-honfleur.org\/chan\/wp-content\/uploads\/cropped-Icone-270x270.jpg 270w, https:\/\/chan-honfleur.org\/chan\/wp-content\/uploads\/cropped-Icone-192x192.jpg 192w, https:\/\/chan-honfleur.org\/chan\/wp-content\/uploads\/cropped-Icone-180x180.jpg 180w, https:\/\/chan-honfleur.org\/chan\/wp-content\/uploads\/cropped-Icone-32x32.jpg 32w\" sizes=\"auto, (max-width: 512px) 100vw, 512px\" \/><\/figure><\/div>\n\n\n<div class=\"wp-block-media-text is-stacked-on-mobile\" id=\"https:\/\/www.helloasso.com\/associations\/club-honfleurais-d-activites-nautiques\/boutiques\/achat-materiel-chan\"><figure class=\"wp-block-media-text__media\"><img loading=\"lazy\" decoding=\"async\" width=\"300\" height=\"300\" src=\"https:\/\/chan-honfleur.org\/chan\/wp-content\/uploads\/image_editor_output_image-1660650227-1769757468694637402268521836305.jpg\" alt=\"\" class=\"wp-image-7014 size-full\" srcset=\"https:\/\/chan-honfleur.org\/chan\/wp-content\/uploads\/image_editor_output_image-1660650227-1769757468694637402268521836305.jpg 300w, https:\/\/chan-honfleur.org\/chan\/wp-content\/uploads\/image_editor_output_image-1660650227-1769757468694637402268521836305-150x150.jpg 150w, https:\/\/chan-honfleur.org\/chan\/wp-content\/uploads\/image_editor_output_image-1660650227-1769757468694637402268521836305-80x80.jpg 80w\" sizes=\"auto, (max-width: 300px) 100vw, 300px\" \/><\/figure><div class=\"wp-block-media-text__content\">\n<p class=\"has-text-align-center has-vivid-red-color has-white-background-color has-text-color has-background\"><strong>Commandez les superbes v\u00eatements et accessoires sigl\u00e9s CHAN directement depuis la boutique en ligne<\/strong>.<\/p>\n\n\n\n<p class=\"has-text-align-center has-vivid-red-color has-white-background-color has-text-color has-background\"> <a href=\"https:\/\/www.helloasso.com\/associations\/club-honfleurais-d-activites-nautiques\/boutiques\/achat-materiel-chan\">https:\/\/www.helloasso.com\/associations\/club-honfleurais-d-activites-nautiques\/boutiques\/achat-materiel-chan<\/a><\/p>\n<\/div><\/div>\n<\/div>\n<\/div>\n<\/div>\n<\/div><\/div>\n\n\n\n<p class=\"has-large-font-size\"><\/p>\n\n\n\n<p class=\"has-text-align-center has-black-color has-pale-cyan-blue-background-color has-text-color has-background has-large-font-size\"> <br>Petits messages de nos co-pr\u00e9sidents:<br><br><a href=\"https:\/\/chan-honfleur.org\/chan\/wp-content\/uploads\/CHAN-FFN-Presentation.pdf\">Pr\u00e9sentation de la partie FFN<\/a><br><br><a href=\"https:\/\/chan-honfleur.org\/chan\/wp-content\/uploads\/CHAN-FFESSM-Presentation.pdf\">Pr\u00e9sentation de la partie FFESSM<\/a><br><\/p>\n\n\n\n<div style=\"height:29px\" aria-hidden=\"true\" class=\"wp-block-spacer\"><\/div>\n\n\n\n<p class=\"has-medium-font-size\"><\/p>\n\n\n\n<hr class=\"wp-block-separator has-alpha-channel-opacity\"\/>\n\n\n<div class=\"wp-block-image\">\n<figure class=\"alignright size-large is-resized\"><img loading=\"lazy\" decoding=\"async\" width=\"1024\" height=\"927\" src=\"https:\/\/chan-honfleur.org\/chan\/wp-content\/uploads\/bonnet-chan-1024x927.jpg\" alt=\"\" class=\"wp-image-6359\" style=\"object-fit:contain;width:129px;height:117px\" srcset=\"https:\/\/chan-honfleur.org\/chan\/wp-content\/uploads\/bonnet-chan-1024x927.jpg 1024w, https:\/\/chan-honfleur.org\/chan\/wp-content\/uploads\/bonnet-chan-300x272.jpg 300w, https:\/\/chan-honfleur.org\/chan\/wp-content\/uploads\/bonnet-chan-768x696.jpg 768w, https:\/\/chan-honfleur.org\/chan\/wp-content\/uploads\/bonnet-chan-1536x1391.jpg 1536w, https:\/\/chan-honfleur.org\/chan\/wp-content\/uploads\/bonnet-chan.jpg 1600w\" sizes=\"auto, (max-width: 1024px) 100vw, 1024px\" \/><\/figure><\/div>\n\n\n<figure class=\"wp-block-table has-medium-font-size\"><table class=\"has-vivid-red-color has-text-color\"><tbody><tr><td><strong>Bonnet de bain conseill\u00e9 !&nbsp;<\/strong><\/td><\/tr><tr><td>Le nouveau r\u00e8glement int\u00e9rieur conseille d\u00e9sormais le port du bonnet de bain pour toutes les activit\u00e9s au sein de la piscine. &nbsp; <br>Le CHAN vous propose un<em> <strong><mark style=\"background-color:rgba(0, 0, 0, 0)\" class=\"has-inline-color has-vivid-red-color\">bonnet de bain<\/mark><\/strong><\/em> aux couleurs de l&rsquo;association au<em> <strong>tarif de 6 \u20ac.&nbsp;<\/strong><\/em><\/td><\/tr><\/tbody><\/table><\/figure>\n\n\n\n<p class=\"has-medium-font-size\"><br><\/p>\n\n\n\n<pre class=\"wp-block-code\"><code><\/code><\/pre>\n","protected":false},"excerpt":{"rendered":"<p>Horaires des vacances de printemps Tous les nageurs du groupe peuvent participer aux cr\u00e9neaux propos\u00e9s. &#8211;Aisance aquatique: pr\u00e9sence de parents requise. &#8211; Natation perfectionnement: pr\u00e9sence \u00e0 signaler au pr\u00e9alable aupr\u00e8s de Pierre-Maxime. Commandez les&#46;&#46;&#46;<\/p>\n","protected":false},"author":169,"featured_media":0,"parent":0,"menu_order":0,"comment_status":"closed","ping_status":"closed","template":"","meta":{"footnotes":""},"class_list":["post-1333","page","type-page","status-publish","hentry"],"_links":{"self":[{"href":"https:\/\/chan-honfleur.org\/chan\/wp-json\/wp\/v2\/pages\/1333","targetHints":{"allow":["GET"]}}],"collection":[{"href":"https:\/\/chan-honfleur.org\/chan\/wp-json\/wp\/v2\/pages"}],"about":[{"href":"https:\/\/chan-honfleur.org\/chan\/wp-json\/wp\/v2\/types\/page"}],"author":[{"embeddable":true,"href":"https:\/\/chan-honfleur.org\/chan\/wp-json\/wp\/v2\/users\/169"}],"replies":[{"embeddable":true,"href":"https:\/\/chan-honfleur.org\/chan\/wp-json\/wp\/v2\/comments?post=1333"}],"version-history":[{"count":1672,"href":"https:\/\/chan-honfleur.org\/chan\/wp-json\/wp\/v2\/pages\/1333\/revisions"}],"predecessor-version":[{"id":7055,"href":"https:\/\/chan-honfleur.org\/chan\/wp-json\/wp\/v2\/pages\/1333\/revisions\/7055"}],"wp:attachment":[{"href":"https:\/\/chan-honfleur.org\/chan\/wp-json\/wp\/v2\/media?parent=1333"}],"curies":[{"name":"wp","href":"https:\/\/api.w.org\/{rel}","templated":true}]}}